{"id":19389,"date":"2026-04-11T14:42:41","date_gmt":"2026-04-11T14:42:41","guid":{"rendered":"https:\/\/celustore.online\/tienda\/?post_type=product&#038;p=19389"},"modified":"2026-04-11T14:42:41","modified_gmt":"2026-04-11T14:42:41","slug":"smart-watch-c900","status":"publish","type":"product","link":"https:\/\/celustore.online\/tienda\/producto\/smart-watch-c900\/","title":{"rendered":"SMART WATCH C900"},"content":{"rendered":"<p data-start=\"277\" data-end=\"393\"><strong data-start=\"277\" data-end=\"294\"><span dir=\"auto\">Pantalla grande<\/span><\/strong><span dir=\"auto\">\u00a0: pantalla TFT t\u00e1ctil capacitiva de 2,1 pulgadas con resoluci\u00f3n de 640 \u00d7 480 para una visualizaci\u00f3n n\u00edtida y vibrante.<\/span><\/p>\n<p data-start=\"396\" data-end=\"508\"><strong data-start=\"396\" data-end=\"413\"><span dir=\"auto\">Construcci\u00f3n duradera<\/span><\/strong><span dir=\"auto\">\u00a0: Caja de reloj de acero inoxidable de primera calidad con correas intercambiables de acero inoxidable y silicona.<\/span><\/p>\n<p data-start=\"511\" data-end=\"610\"><strong data-start=\"511\" data-end=\"532\"><span dir=\"auto\">Carga inal\u00e1mbrica<\/span><\/strong><span dir=\"auto\">\u00a0: Carga c\u00f3moda y sin cables con una carga completa en tan solo\u00a0<\/span><strong data-start=\"592\" data-end=\"607\"><span dir=\"auto\">150 minutos<\/span><\/strong><span dir=\"auto\">\u00a0.<\/span><\/p>\n<p data-start=\"613\" data-end=\"727\"><strong data-start=\"613\" data-end=\"647\"><span dir=\"auto\">Seguimiento multideporte y de actividad f\u00edsica<\/span><\/strong><span dir=\"auto\">\u00a0: contador de pasos, calor\u00edas quemadas, seguimiento de la distancia y monitorizaci\u00f3n de la frecuencia card\u00edaca.<\/span><\/p>\n<p data-start=\"730\" data-end=\"844\"><strong data-start=\"730\" data-end=\"760\"><span dir=\"auto\">Monitorizaci\u00f3n avanzada de la salud<\/span><\/strong><span dir=\"auto\">\u00a0: Seguimiento en tiempo real de la frecuencia card\u00edaca y la presi\u00f3n arterial para ayudarte a alcanzar tus objetivos de bienestar.<\/span><\/p>\n","protected":false},"excerpt":{"rendered":"<p>Pantalla grande\u00a0: pantalla TFT t\u00e1ctil capacitiva de 2,1 pulgadas con resoluci\u00f3n de 640 \u00d7 480 para una visualizaci\u00f3n n\u00edtida y vibrante. Construcci\u00f3n duradera\u00a0: Caja de&#8230;<\/p>\n","protected":false},"featured_media":19390,"comment_status":"open","ping_status":"closed","template":"","meta":{"_joinchat":[]},"product_brand":[],"product_cat":[530],"product_tag":[],"class_list":{"0":"post-19389","1":"product","2":"type-product","3":"status-publish","4":"has-post-thumbnail","6":"product_cat-reloj-inteligente","8":"first","9":"instock","10":"shipping-taxable","11":"purchasable","12":"product-type-simple"},"jetpack_sharing_enabled":true,"_links":{"self":[{"href":"https:\/\/celustore.online\/tienda\/wp-json\/wp\/v2\/product\/19389","targetHints":{"allow":["GET"]}}],"collection":[{"href":"https:\/\/celustore.online\/tienda\/wp-json\/wp\/v2\/product"}],"about":[{"href":"https:\/\/celustore.online\/tienda\/wp-json\/wp\/v2\/types\/product"}],"replies":[{"embeddable":true,"href":"https:\/\/celustore.online\/tienda\/wp-json\/wp\/v2\/comments?post=19389"}],"wp:featuredmedia":[{"embeddable":true,"href":"https:\/\/celustore.online\/tienda\/wp-json\/wp\/v2\/media\/19390"}],"wp:attachment":[{"href":"https:\/\/celustore.online\/tienda\/wp-json\/wp\/v2\/media?parent=19389"}],"wp:term":[{"taxonomy":"product_brand","embeddable":true,"href":"https:\/\/celustore.online\/tienda\/wp-json\/wp\/v2\/product_brand?post=19389"},{"taxonomy":"product_cat","embeddable":true,"href":"https:\/\/celustore.online\/tienda\/wp-json\/wp\/v2\/product_cat?post=19389"},{"taxonomy":"product_tag","embeddable":true,"href":"https:\/\/celustore.online\/tienda\/wp-json\/wp\/v2\/product_tag?post=19389"}],"curies":[{"name":"wp","href":"https:\/\/api.w.org\/{rel}","templated":true}]}}