{"id":19301,"date":"2026-04-07T20:23:45","date_gmt":"2026-04-07T20:23:45","guid":{"rendered":"https:\/\/celustore.online\/tienda\/?post_type=product&#038;p=19301"},"modified":"2026-04-07T20:23:45","modified_gmt":"2026-04-07T20:23:45","slug":"juego-portatil","status":"publish","type":"product","link":"https:\/\/celustore.online\/tienda\/producto\/juego-portatil\/","title":{"rendered":"JUEGO PORTATIL"},"content":{"rendered":"<div>\u2022 \ud83c\udfb9 Panel musical interactivo: Tiene botones t\u00e1ctiles tipo pads para activar sonidos y melod\u00edas.<\/div>\n<div>\u2022\ud83d\udd0a Sonidos y m\u00fasica: Incluye diferentes efectos musicales y ritmos para que los chicos jueguen creando m\u00fasica.<\/div>\n<div>\u2022\ud83d\udca1 Luces LED: Los botones se iluminan en distintos colores, lo que lo hace m\u00e1s atractivo y din\u00e1mico.<\/div>\n<div>\u2022\ud83d\udd22 Pantalla digital: Muestra n\u00fameros o modos de uso (probablemente para volumen, ritmo o selecci\u00f3n de funciones).<\/div>\n<div>\u2022\ud83c\udf9b\ufe0f Controles simples: Botones para encendido, volumen y cambio de modo.<\/div>\n<div>\u2022\ud83d\udc76 Edad recomendada: A partir de 3 a\u00f1os (indicado en la caja).<\/div>\n<div>\u2022\ud83e\udde0 Estimulaci\u00f3n temprana: Ayuda a desarrollar coordinaci\u00f3n, creatividad y sentido del ritmo.<\/div>\n<div><\/div>\n<div>\ud83d\udc4d Ideal para:<\/div>\n<div>\u2022Ni\u00f1os peque\u00f1os que est\u00e1n empezando a explorar sonidos<\/div>\n<div>\u2022Regalos did\u00e1cticos<\/div>\n<div>\u2022Juegos interactivos en casa<\/div>\n","protected":false},"excerpt":{"rendered":"<p>\u2022 \ud83c\udfb9 Panel musical interactivo: Tiene botones t\u00e1ctiles tipo pads para activar sonidos y melod\u00edas. \u2022\ud83d\udd0a Sonidos y m\u00fasica: Incluye diferentes efectos musicales y ritmos&#8230;<\/p>\n","protected":false},"featured_media":19302,"comment_status":"open","ping_status":"closed","template":"","meta":{"_joinchat":[]},"product_brand":[],"product_cat":[492],"product_tag":[],"class_list":{"0":"post-19301","1":"product","2":"type-product","3":"status-publish","4":"has-post-thumbnail","6":"product_cat-consola-de-juego","8":"first","9":"instock","10":"shipping-taxable","11":"purchasable","12":"product-type-simple"},"jetpack_sharing_enabled":true,"_links":{"self":[{"href":"https:\/\/celustore.online\/tienda\/wp-json\/wp\/v2\/product\/19301","targetHints":{"allow":["GET"]}}],"collection":[{"href":"https:\/\/celustore.online\/tienda\/wp-json\/wp\/v2\/product"}],"about":[{"href":"https:\/\/celustore.online\/tienda\/wp-json\/wp\/v2\/types\/product"}],"replies":[{"embeddable":true,"href":"https:\/\/celustore.online\/tienda\/wp-json\/wp\/v2\/comments?post=19301"}],"wp:featuredmedia":[{"embeddable":true,"href":"https:\/\/celustore.online\/tienda\/wp-json\/wp\/v2\/media\/19302"}],"wp:attachment":[{"href":"https:\/\/celustore.online\/tienda\/wp-json\/wp\/v2\/media?parent=19301"}],"wp:term":[{"taxonomy":"product_brand","embeddable":true,"href":"https:\/\/celustore.online\/tienda\/wp-json\/wp\/v2\/product_brand?post=19301"},{"taxonomy":"product_cat","embeddable":true,"href":"https:\/\/celustore.online\/tienda\/wp-json\/wp\/v2\/product_cat?post=19301"},{"taxonomy":"product_tag","embeddable":true,"href":"https:\/\/celustore.online\/tienda\/wp-json\/wp\/v2\/product_tag?post=19301"}],"curies":[{"name":"wp","href":"https:\/\/api.w.org\/{rel}","templated":true}]}}