{"id":19299,"date":"2026-04-07T20:06:20","date_gmt":"2026-04-07T20:06:20","guid":{"rendered":"https:\/\/celustore.online\/tienda\/?post_type=product&#038;p=19299"},"modified":"2026-04-07T20:06:20","modified_gmt":"2026-04-07T20:06:20","slug":"consola-controller-gamepad","status":"publish","type":"product","link":"https:\/\/celustore.online\/tienda\/producto\/consola-controller-gamepad\/","title":{"rendered":"CONSOLA CONTROLLER GAMEPAD"},"content":{"rendered":"<ul class=\"KsbFXc U6u95\" data-sfc-root=\"c\" data-sfc-cb=\"\" data-processed=\"true\" data-complete=\"true\">\n<li class=\"dF3vjf\" data-sfc-root=\"c\" data-sfc-cb=\"\" data-hveid=\"CAEIBBAB\" data-sae=\"\" data-complete=\"true\"><span class=\"T286Pc\" data-sfc-cp=\"\" data-sfc-root=\"c\" data-sfc-cb=\"\" data-complete=\"true\"><strong class=\"Yjhzub\" data-sfc-root=\"c\" data-sfc-cb=\"\" data-complete=\"true\"><span dir=\"auto\">Pantalla:<\/span><\/strong><span dir=\"auto\">\u00a0Cuenta con una pantalla<\/span><strong class=\"Yjhzub\" data-sfc-root=\"c\" data-sfc-cb=\"\" data-complete=\"true\"><span dir=\"auto\">\u00a0LCD a color de 2,4 pulgadas<\/span><\/strong><span dir=\"auto\">\u00a0integrada en el centro del mando.<\/span><\/span><\/li>\n<li class=\"dF3vjf\" data-sfc-root=\"c\" data-sfc-cb=\"\" data-hveid=\"CAEIBBAC\" data-complete=\"true\" data-processed=\"true\" data-sae=\"\"><span class=\"T286Pc\" data-sfc-cp=\"\" data-sfc-root=\"c\" data-sfc-cb=\"\" data-complete=\"true\"><strong class=\"Yjhzub\" data-sfc-root=\"c\" data-sfc-cb=\"\" data-complete=\"true\"><span dir=\"auto\">Dise\u00f1o ergon\u00f3mico:<\/span><\/strong><span dir=\"auto\">\u00a0Su forma de mando tradicional busca mayor comodidad para sesiones de juego\u00a0<\/span><span dir=\"auto\">prolongadas en comparaci\u00f3n con otras consolas peque\u00f1as port\u00e1tiles.<\/span><\/span><\/li>\n<li class=\"dF3vjf\" data-sfc-root=\"c\" data-sfc-cb=\"\" data-hveid=\"CAEIBBAD\" data-complete=\"true\" data-processed=\"true\" data-sae=\"\"><span class=\"T286Pc\" data-sfc-cp=\"\" data-sfc-root=\"c\" data-sfc-cb=\"\" data-complete=\"true\"><strong class=\"Yjhzub\" data-sfc-root=\"c\" data-sfc-cb=\"\" data-complete=\"true\"><span dir=\"auto\">Bater\u00eda:<\/span><\/strong><span dir=\"auto\">\u00a0Utiliza una bater\u00eda de litio recargable de aproximadamente\u00a0<\/span><strong class=\"Yjhzub\" data-sfc-root=\"c\" data-sfc-cb=\"\" data-complete=\"true\"><span dir=\"auto\">1020 mAh a 1500 mAh<\/span><\/strong><span dir=\"auto\">\u00a0, que ofrece entre 2 y 7 horas de autonom\u00eda seg\u00fan el\u00a0<\/span><span dir=\"auto\"><span dir=\"auto\">uso.<\/span><\/span><\/span><\/li>\n<\/ul>\n","protected":false},"excerpt":{"rendered":"<p>Pantalla:\u00a0Cuenta con una pantalla\u00a0LCD a color de 2,4 pulgadas\u00a0integrada en el centro del mando. Dise\u00f1o ergon\u00f3mico:\u00a0Su forma de mando tradicional busca mayor comodidad para sesiones&#8230;<\/p>\n","protected":false},"featured_media":19300,"comment_status":"open","ping_status":"closed","template":"","meta":{"_joinchat":[]},"product_brand":[],"product_cat":[492],"product_tag":[],"class_list":{"0":"post-19299","1":"product","2":"type-product","3":"status-publish","4":"has-post-thumbnail","6":"product_cat-consola-de-juego","8":"first","9":"instock","10":"shipping-taxable","11":"purchasable","12":"product-type-simple"},"jetpack_sharing_enabled":true,"_links":{"self":[{"href":"https:\/\/celustore.online\/tienda\/wp-json\/wp\/v2\/product\/19299","targetHints":{"allow":["GET"]}}],"collection":[{"href":"https:\/\/celustore.online\/tienda\/wp-json\/wp\/v2\/product"}],"about":[{"href":"https:\/\/celustore.online\/tienda\/wp-json\/wp\/v2\/types\/product"}],"replies":[{"embeddable":true,"href":"https:\/\/celustore.online\/tienda\/wp-json\/wp\/v2\/comments?post=19299"}],"wp:featuredmedia":[{"embeddable":true,"href":"https:\/\/celustore.online\/tienda\/wp-json\/wp\/v2\/media\/19300"}],"wp:attachment":[{"href":"https:\/\/celustore.online\/tienda\/wp-json\/wp\/v2\/media?parent=19299"}],"wp:term":[{"taxonomy":"product_brand","embeddable":true,"href":"https:\/\/celustore.online\/tienda\/wp-json\/wp\/v2\/product_brand?post=19299"},{"taxonomy":"product_cat","embeddable":true,"href":"https:\/\/celustore.online\/tienda\/wp-json\/wp\/v2\/product_cat?post=19299"},{"taxonomy":"product_tag","embeddable":true,"href":"https:\/\/celustore.online\/tienda\/wp-json\/wp\/v2\/product_tag?post=19299"}],"curies":[{"name":"wp","href":"https:\/\/api.w.org\/{rel}","templated":true}]}}