{"id":19211,"date":"2026-04-02T23:02:18","date_gmt":"2026-04-02T23:02:18","guid":{"rendered":"https:\/\/celustore.online\/tienda\/?post_type=product&#038;p=19211"},"modified":"2026-04-07T19:14:11","modified_gmt":"2026-04-07T19:14:11","slug":"zte-v60-smart","status":"publish","type":"product","link":"https:\/\/celustore.online\/tienda\/producto\/zte-v60-smart\/","title":{"rendered":"ZTE V60 SMART"},"content":{"rendered":"<div class=\"otQkpb\" role=\"heading\" data-animation-nesting=\"\" data-sfc-cp=\"\" data-sfc-root=\"c\" data-sfc-cb=\"\" data-processed=\"true\"><span dir=\"auto\" data-processed=\"true\">Especificaciones T\u00e9cnicas Principales<\/span><button class=\"rBl3me\" data-amic=\"true\" data-icl-uuid=\"f670f4ad-d8cc-4692-817e-667ef2d5c52b\" aria-label=\"View related links\" data-wiz-attrbind=\"disabled=tBixi_s\/C5gNJc;aria-label=tBixi_s\/bOjMyf;class=tBixi_s\/UpSNec\" data-ved=\"2ahUKEwjjyIzBotCTAxXZrJUCHXGsHLYQye0OegQIAhAA\" data-hveid=\"CAIQAA\" data-processed=\"true\"><\/button><\/div>\n<ul class=\"KsbFXc U6u95\" data-sfc-root=\"c\" data-sfc-cb=\"\" data-processed=\"true\">\n<li class=\"dF3vjf\" data-sfc-root=\"c\" data-sfc-cb=\"\" data-hveid=\"CAMQAA\" data-processed=\"true\"><span class=\"T286Pc\" data-sfc-cp=\"\" data-sfc-root=\"c\" data-sfc-cb=\"\" data-processed=\"true\"><strong class=\"Yjhzub\" data-sfc-root=\"c\" data-sfc-cb=\"\" data-processed=\"true\"><span dir=\"auto\" data-processed=\"true\">Pantalla:<\/span><\/strong><span dir=\"auto\" data-processed=\"true\">\u00a06,6 pulgadas IPS LCD, resoluci\u00f3n HD+ (<\/span><\/span>\n<div data-processed=\"true\"><img decoding=\"async\" role=\"presentation\" src=\"image\/gif;base64,R0lGODlhAQABAIAAAP\/\/\/wAAACH5BAEAAAAALAAAAAABAAEAAAICRAEAOw==\" aria-hidden=\"true\" data-xpm-latex=\"720 \" data-imglogged=\"true\" data-aatf=\"1\" data-processed=\"true\" \/><\/div>\n<div data-processed=\"true\"><img decoding=\"async\" role=\"presentation\" src=\"image\/gif;base64,R0lGODlhAQABAIAAAP\/\/\/wAAACH5BAEAAAAALAAAAAABAAEAAAICRAEAOw==\" aria-hidden=\"true\" data-xpm-latex=\"\\hphantom{}\\times 1612\" data-imglogged=\"true\" data-aatf=\"1\" data-processed=\"true\" \/><\/div>\n<p><span class=\"T286Pc\" data-sfc-cp=\"\" data-sfc-root=\"c\" data-sfc-cb=\"\" data-processed=\"true\"><span dir=\"auto\" data-processed=\"true\">p\u00edxeles), tasa de refresco de 90Hz para mayor fluidez.<\/span><\/span><\/li>\n<li class=\"dF3vjf\" data-sfc-root=\"c\" data-sfc-cb=\"\" data-hveid=\"CAMQAg\" data-processed=\"true\"><span class=\"T286Pc\" data-sfc-cp=\"\" data-sfc-root=\"c\" data-sfc-cb=\"\" data-processed=\"true\"><strong class=\"Yjhzub\" data-sfc-root=\"c\" data-sfc-cb=\"\" data-processed=\"true\"><span dir=\"auto\" data-processed=\"true\">Memoria y almacenamiento:<\/span><\/strong><span dir=\"auto\" data-processed=\"true\">\u00a0256 GB de memoria interna (ampliable con microSD hasta 1TB) y 4 GB de RAM f\u00edsica, con opci\u00f3n de RAM din\u00e1mica.<\/span><\/span><\/li>\n<li class=\"dF3vjf\" data-sfc-root=\"c\" data-sfc-cb=\"\" data-hveid=\"CAMQAw\" data-processed=\"true\"><span class=\"T286Pc\" data-sfc-cp=\"\" data-sfc-root=\"c\" data-sfc-cb=\"\" data-processed=\"true\"><strong class=\"Yjhzub\" data-sfc-root=\"c\" data-sfc-cb=\"\" data-processed=\"true\"><span dir=\"auto\" data-processed=\"true\">Procesador:<\/span><\/strong><span dir=\"auto\" data-processed=\"true\">\u00a0Unisoc T606 Octa-core a 1,6 GHz (2x Cortex-A75 + 6x Cortex-A55).<\/span><\/span><\/li>\n<li class=\"dF3vjf\" data-sfc-root=\"c\" data-sfc-cb=\"\" data-hveid=\"CAMQBA\" data-processed=\"true\"><span class=\"T286Pc\" data-sfc-cp=\"\" data-sfc-root=\"c\" data-sfc-cb=\"\" data-processed=\"true\"><strong class=\"Yjhzub\" data-sfc-root=\"c\" data-sfc-cb=\"\" data-processed=\"true\"><span dir=\"auto\" data-processed=\"true\">C\u00e1maras:<\/span><\/strong><span dir=\"auto\" data-processed=\"true\">\u00a0Trasera de 50 MP (principal AF) + auxiliar con IA. Frontal de 8 MP.<\/span><\/span><\/li>\n<li class=\"dF3vjf\" data-sfc-root=\"c\" data-sfc-cb=\"\" data-hveid=\"CAMQBQ\" data-processed=\"true\"><span class=\"T286Pc\" data-sfc-cp=\"\" data-sfc-root=\"c\" data-sfc-cb=\"\" data-processed=\"true\"><strong class=\"Yjhzub\" data-sfc-root=\"c\" data-sfc-cb=\"\" data-processed=\"true\"><span dir=\"auto\" data-processed=\"true\">Bater\u00eda:<\/span><\/strong><span dir=\"auto\" data-processed=\"true\">\u00a05000 mAh con carga r\u00e1pida de 22,5W.<\/span><\/span><\/li>\n<li class=\"dF3vjf\" data-sfc-root=\"c\" data-sfc-cb=\"\" data-hveid=\"CAMQBg\" data-processed=\"true\"><span class=\"T286Pc\" data-sfc-cp=\"\" data-sfc-root=\"c\" data-sfc-cb=\"\" data-processed=\"true\"><strong class=\"Yjhzub\" data-sfc-root=\"c\" data-sfc-cb=\"\" data-processed=\"true\"><span dir=\"auto\" data-processed=\"true\">Sistema Operativo:<\/span><\/strong><span dir=\"auto\" data-processed=\"true\">\u00a0Android 13.<\/span><\/span><\/li>\n<li class=\"dF3vjf\" data-sfc-root=\"c\" data-sfc-cb=\"\" data-hveid=\"CAMQBw\" data-processed=\"true\"><span class=\"T286Pc\" data-sfc-cp=\"\" data-sfc-root=\"c\" data-sfc-cb=\"\" data-processed=\"true\"><strong class=\"Yjhzub\" data-sfc-root=\"c\" data-sfc-cb=\"\" data-processed=\"true\"><span dir=\"auto\" data-processed=\"true\">Seguridad:<\/span><\/strong><span dir=\"auto\" data-processed=\"true\">\u00a0Lector de huellas dactilares lateral y desbloqueo facial.<\/span><\/span><\/li>\n<li class=\"dF3vjf\" data-sfc-root=\"c\" data-sfc-cb=\"\" data-hveid=\"CAMQCA\" data-processed=\"true\"><span class=\"T286Pc\" data-sfc-cp=\"\" data-sfc-root=\"c\" data-sfc-cb=\"\" data-processed=\"true\"><strong class=\"Yjhzub\" data-sfc-root=\"c\" data-sfc-cb=\"\" data-processed=\"true\"><span dir=\"auto\" data-processed=\"true\">Conectividad:<\/span><\/strong><span dir=\"auto\" data-processed=\"true\">\u00a04G LTE, Wi-Fi 2.4GHz+5GHz, Bluetooth v5.2, USB Tipo-C, Radio<\/span><\/span><\/li>\n<\/ul>\n","protected":false},"excerpt":{"rendered":"<p>Especificaciones T\u00e9cnicas Principales Pantalla:\u00a06,6 pulgadas IPS LCD, resoluci\u00f3n HD+ ( p\u00edxeles), tasa de refresco de 90Hz para mayor fluidez. Memoria y almacenamiento:\u00a0256 GB de memoria&#8230;<\/p>\n","protected":false},"featured_media":19280,"comment_status":"open","ping_status":"closed","template":"","meta":{"_joinchat":[]},"product_brand":[],"product_cat":[512],"product_tag":[],"class_list":{"0":"post-19211","1":"product","2":"type-product","3":"status-publish","4":"has-post-thumbnail","6":"product_cat-celulares","8":"first","9":"instock","10":"shipping-taxable","11":"purchasable","12":"product-type-simple"},"jetpack_sharing_enabled":true,"_links":{"self":[{"href":"https:\/\/celustore.online\/tienda\/wp-json\/wp\/v2\/product\/19211","targetHints":{"allow":["GET"]}}],"collection":[{"href":"https:\/\/celustore.online\/tienda\/wp-json\/wp\/v2\/product"}],"about":[{"href":"https:\/\/celustore.online\/tienda\/wp-json\/wp\/v2\/types\/product"}],"replies":[{"embeddable":true,"href":"https:\/\/celustore.online\/tienda\/wp-json\/wp\/v2\/comments?post=19211"}],"wp:featuredmedia":[{"embeddable":true,"href":"https:\/\/celustore.online\/tienda\/wp-json\/wp\/v2\/media\/19280"}],"wp:attachment":[{"href":"https:\/\/celustore.online\/tienda\/wp-json\/wp\/v2\/media?parent=19211"}],"wp:term":[{"taxonomy":"product_brand","embeddable":true,"href":"https:\/\/celustore.online\/tienda\/wp-json\/wp\/v2\/product_brand?post=19211"},{"taxonomy":"product_cat","embeddable":true,"href":"https:\/\/celustore.online\/tienda\/wp-json\/wp\/v2\/product_cat?post=19211"},{"taxonomy":"product_tag","embeddable":true,"href":"https:\/\/celustore.online\/tienda\/wp-json\/wp\/v2\/product_tag?post=19211"}],"curies":[{"name":"wp","href":"https:\/\/api.w.org\/{rel}","templated":true}]}}