{"id":19203,"date":"2026-04-02T22:33:48","date_gmt":"2026-04-02T22:33:48","guid":{"rendered":"https:\/\/celustore.online\/tienda\/?post_type=product&#038;p=19203"},"modified":"2026-04-07T19:27:37","modified_gmt":"2026-04-07T19:27:37","slug":"moto-g06-64gb","status":"publish","type":"product","link":"https:\/\/celustore.online\/tienda\/producto\/moto-g06-64gb\/","title":{"rendered":"MOTO G06 64GB"},"content":{"rendered":"<ul class=\"ui-vpp-highlighted-specs__features-list\">\n<li class=\"ui-vpp-highlighted-specs__features-list-item ui-pdp-color--BLACK ui-pdp-size--XSMALL ui-pdp-family--REGULAR\">Memoria RAM: 4 GB.<\/li>\n<li class=\"ui-vpp-highlighted-specs__features-list-item ui-pdp-color--BLACK ui-pdp-size--XSMALL ui-pdp-family--REGULAR\">Dispositivo liberado para que elijas la compa\u00f1\u00eda telef\u00f3nica que prefieras.<\/li>\n<li class=\"ui-vpp-highlighted-specs__features-list-item ui-pdp-color--BLACK ui-pdp-size--XSMALL ui-pdp-family--REGULAR\">Pantalla de 6.9&#8243;.<\/li>\n<li class=\"ui-vpp-highlighted-specs__features-list-item ui-pdp-color--BLACK ui-pdp-size--XSMALL ui-pdp-family--REGULAR\">C\u00e1mara delantera de 8Mpx.<\/li>\n<li class=\"ui-vpp-highlighted-specs__features-list-item ui-pdp-color--BLACK ui-pdp-size--XSMALL ui-pdp-family--REGULAR\">Procesador Mediatek Helio G81 Ultra Octa-Core de 2GHz con 4GB de RAM.<\/li>\n<li class=\"ui-vpp-highlighted-specs__features-list-item ui-pdp-color--BLACK ui-pdp-size--XSMALL ui-pdp-family--REGULAR\">Bater\u00eda de 5.2 Ah.<\/li>\n<li class=\"ui-vpp-highlighted-specs__features-list-item ui-pdp-color--BLACK ui-pdp-size--XSMALL ui-pdp-family--REGULAR\">Memoria interna de 64GB.<\/li>\n<li class=\"ui-vpp-highlighted-specs__features-list-item ui-pdp-color--BLACK ui-pdp-size--XSMALL ui-pdp-family--REGULAR\">Con reconocimiento facial y sensor de huella dactilar.<\/li>\n<\/ul>\n","protected":false},"excerpt":{"rendered":"<p>Memoria RAM: 4 GB. Dispositivo liberado para que elijas la compa\u00f1\u00eda telef\u00f3nica que prefieras. Pantalla de 6.9&#8243;. C\u00e1mara delantera de 8Mpx. Procesador Mediatek Helio G81&#8230;<\/p>\n","protected":false},"featured_media":19287,"comment_status":"open","ping_status":"closed","template":"","meta":{"_joinchat":[]},"product_brand":[],"product_cat":[512],"product_tag":[],"class_list":{"0":"post-19203","1":"product","2":"type-product","3":"status-publish","4":"has-post-thumbnail","6":"product_cat-celulares","8":"first","9":"instock","10":"shipping-taxable","11":"purchasable","12":"product-type-simple"},"jetpack_sharing_enabled":true,"_links":{"self":[{"href":"https:\/\/celustore.online\/tienda\/wp-json\/wp\/v2\/product\/19203","targetHints":{"allow":["GET"]}}],"collection":[{"href":"https:\/\/celustore.online\/tienda\/wp-json\/wp\/v2\/product"}],"about":[{"href":"https:\/\/celustore.online\/tienda\/wp-json\/wp\/v2\/types\/product"}],"replies":[{"embeddable":true,"href":"https:\/\/celustore.online\/tienda\/wp-json\/wp\/v2\/comments?post=19203"}],"wp:featuredmedia":[{"embeddable":true,"href":"https:\/\/celustore.online\/tienda\/wp-json\/wp\/v2\/media\/19287"}],"wp:attachment":[{"href":"https:\/\/celustore.online\/tienda\/wp-json\/wp\/v2\/media?parent=19203"}],"wp:term":[{"taxonomy":"product_brand","embeddable":true,"href":"https:\/\/celustore.online\/tienda\/wp-json\/wp\/v2\/product_brand?post=19203"},{"taxonomy":"product_cat","embeddable":true,"href":"https:\/\/celustore.online\/tienda\/wp-json\/wp\/v2\/product_cat?post=19203"},{"taxonomy":"product_tag","embeddable":true,"href":"https:\/\/celustore.online\/tienda\/wp-json\/wp\/v2\/product_tag?post=19203"}],"curies":[{"name":"wp","href":"https:\/\/api.w.org\/{rel}","templated":true}]}}