{"id":18490,"date":"2024-08-14T13:21:42","date_gmt":"2024-08-14T13:21:42","guid":{"rendered":"https:\/\/celustore.online\/tienda\/?post_type=product&#038;p=18490"},"modified":"2024-08-14T13:21:42","modified_gmt":"2024-08-14T13:21:42","slug":"cargador-aitech-micro-usb-3-1a-alta-velocidad","status":"publish","type":"product","link":"https:\/\/celustore.online\/tienda\/producto\/cargador-aitech-micro-usb-3-1a-alta-velocidad\/","title":{"rendered":"Cargador aitech micro usb 3.1A ALTA VELOCIDAD"},"content":{"rendered":"<p>Cargador Turbo Fast Charging<\/p>\n<p>Carga r\u00e1pida y eficaz 3.1A<\/p>\n<p>Dise\u00f1o compacto y ergon\u00f3mico<\/p>\n<p>Viene con cable Micro USB<\/p>\n<p>2 Puertos USB<\/p>\n","protected":false},"excerpt":{"rendered":"<p>Cargador Turbo Fast Charging Carga r\u00e1pida y eficaz 3.1A Dise\u00f1o compacto y ergon\u00f3mico Viene con cable Micro USB 2 Puertos USB<\/p>\n","protected":false},"featured_media":18491,"comment_status":"open","ping_status":"closed","template":"","meta":{"_joinchat":[]},"product_brand":[],"product_cat":[478],"product_tag":[],"class_list":{"0":"post-18490","1":"product","2":"type-product","3":"status-publish","4":"has-post-thumbnail","6":"product_cat-cargadores","8":"first","9":"instock","10":"shipping-taxable","11":"purchasable","12":"product-type-simple"},"jetpack_sharing_enabled":true,"_links":{"self":[{"href":"https:\/\/celustore.online\/tienda\/wp-json\/wp\/v2\/product\/18490","targetHints":{"allow":["GET"]}}],"collection":[{"href":"https:\/\/celustore.online\/tienda\/wp-json\/wp\/v2\/product"}],"about":[{"href":"https:\/\/celustore.online\/tienda\/wp-json\/wp\/v2\/types\/product"}],"replies":[{"embeddable":true,"href":"https:\/\/celustore.online\/tienda\/wp-json\/wp\/v2\/comments?post=18490"}],"wp:featuredmedia":[{"embeddable":true,"href":"https:\/\/celustore.online\/tienda\/wp-json\/wp\/v2\/media\/18491"}],"wp:attachment":[{"href":"https:\/\/celustore.online\/tienda\/wp-json\/wp\/v2\/media?parent=18490"}],"wp:term":[{"taxonomy":"product_brand","embeddable":true,"href":"https:\/\/celustore.online\/tienda\/wp-json\/wp\/v2\/product_brand?post=18490"},{"taxonomy":"product_cat","embeddable":true,"href":"https:\/\/celustore.online\/tienda\/wp-json\/wp\/v2\/product_cat?post=18490"},{"taxonomy":"product_tag","embeddable":true,"href":"https:\/\/celustore.online\/tienda\/wp-json\/wp\/v2\/product_tag?post=18490"}],"curies":[{"name":"wp","href":"https:\/\/api.w.org\/{rel}","templated":true}]}}