{"id":18375,"date":"2024-07-10T21:13:56","date_gmt":"2024-07-10T21:13:56","guid":{"rendered":"https:\/\/celustore.online\/tienda\/?post_type=product&#038;p=18375"},"modified":"2024-11-20T22:53:38","modified_gmt":"2024-11-20T22:53:38","slug":"cable-usb-lightning-fast-charge","status":"publish","type":"product","link":"https:\/\/celustore.online\/tienda\/producto\/cable-usb-lightning-fast-charge\/","title":{"rendered":"Cable usb lightning fast charge"},"content":{"rendered":"<p>Cable AITECH Carga R\u00e1pida Tipo C a lightning<\/p>\n<p>salida de carga de 20w<\/p>\n<p>Largo del cable: 1 Metro<\/p>\n<p>Dise\u00f1o PVC el\u00e1stico haci\u00e9ndolo mas resistente<\/p>\n<p>Alta velocidad de transmisi\u00f3n de datos<\/p>\n<p>carga segura y r\u00e1pido<\/p>\n<p>&nbsp;<\/p>\n","protected":false},"excerpt":{"rendered":"<p>Cable AITECH Carga R\u00e1pida Tipo C a lightning salida de carga de 20w Largo del cable: 1 Metro Dise\u00f1o PVC el\u00e1stico haci\u00e9ndolo mas resistente Alta&#8230;<\/p>\n","protected":false},"featured_media":18376,"comment_status":"open","ping_status":"closed","template":"","meta":{"_joinchat":[]},"product_brand":[],"product_cat":[484],"product_tag":[],"class_list":{"0":"post-18375","1":"product","2":"type-product","3":"status-publish","4":"has-post-thumbnail","6":"product_cat-cables-carga-y-datos","8":"first","9":"instock","10":"shipping-taxable","11":"purchasable","12":"product-type-simple"},"jetpack_sharing_enabled":true,"_links":{"self":[{"href":"https:\/\/celustore.online\/tienda\/wp-json\/wp\/v2\/product\/18375","targetHints":{"allow":["GET"]}}],"collection":[{"href":"https:\/\/celustore.online\/tienda\/wp-json\/wp\/v2\/product"}],"about":[{"href":"https:\/\/celustore.online\/tienda\/wp-json\/wp\/v2\/types\/product"}],"replies":[{"embeddable":true,"href":"https:\/\/celustore.online\/tienda\/wp-json\/wp\/v2\/comments?post=18375"}],"wp:featuredmedia":[{"embeddable":true,"href":"https:\/\/celustore.online\/tienda\/wp-json\/wp\/v2\/media\/18376"}],"wp:attachment":[{"href":"https:\/\/celustore.online\/tienda\/wp-json\/wp\/v2\/media?parent=18375"}],"wp:term":[{"taxonomy":"product_brand","embeddable":true,"href":"https:\/\/celustore.online\/tienda\/wp-json\/wp\/v2\/product_brand?post=18375"},{"taxonomy":"product_cat","embeddable":true,"href":"https:\/\/celustore.online\/tienda\/wp-json\/wp\/v2\/product_cat?post=18375"},{"taxonomy":"product_tag","embeddable":true,"href":"https:\/\/celustore.online\/tienda\/wp-json\/wp\/v2\/product_tag?post=18375"}],"curies":[{"name":"wp","href":"https:\/\/api.w.org\/{rel}","templated":true}]}}