{"id":17912,"date":"2023-12-05T14:48:22","date_gmt":"2023-12-05T14:48:22","guid":{"rendered":"https:\/\/celustore.online\/tienda\/?post_type=product&#038;p=17912"},"modified":"2026-04-07T19:38:50","modified_gmt":"2026-04-07T19:38:50","slug":"game-stick-2-4g-console-portatil-videojuego-retro","status":"publish","type":"product","link":"https:\/\/celustore.online\/tienda\/producto\/game-stick-2-4g-console-portatil-videojuego-retro\/","title":{"rendered":"CONSOLA PORTATIL RETRO LITE"},"content":{"rendered":"<h2 class=\"ui-pdp-description__title\">Descripci\u00f3n<\/h2>\n<p class=\"ui-pdp-description__content\">GAME STICK CONSOLE PORT\u00c1TIL JOGOS RETRO 2.4G WIRELESS LITE CONTROLED GAMEPAD<\/p>\n<p>Console Game Stick 4k , plug and play, no ocupa mucho espacio, f\u00e1cil de llevar, adecuado para viajes y uso dom\u00e9stico. Esta consola es compatible con la conexi\u00f3n HDMI y puedes disfrutar de una variedad de juegos animados. Con esta nueva funci\u00f3n tendr\u00e1s una variedad de juegos de diferentes consolas integradas en un solo dispositivo compacto y encima de eso con controles inal\u00e1mbricos.<\/p>\n<h3 class=\"ui-vpp-striped-specs__header\"><\/h3>\n<div class=\"ui-vpp-striped-specs__table\"><\/div>\n<div class=\"ui-vpp-striped-specs__table\">\n<h3 class=\"ui-vpp-striped-specs__header\"><\/h3>\n<\/div>\n","protected":false},"excerpt":{"rendered":"<p>Descripci\u00f3n GAME STICK CONSOLE PORT\u00c1TIL JOGOS RETRO 2.4G WIRELESS LITE CONTROLED GAMEPAD Console Game Stick 4k , plug and play, no ocupa mucho espacio, f\u00e1cil&#8230;<\/p>\n","protected":false},"featured_media":17913,"comment_status":"open","ping_status":"closed","template":"","meta":{"_joinchat":[]},"product_brand":[],"product_cat":[492],"product_tag":[],"class_list":{"0":"post-17912","1":"product","2":"type-product","3":"status-publish","4":"has-post-thumbnail","6":"product_cat-consola-de-juego","8":"first","9":"instock","10":"shipping-taxable","11":"purchasable","12":"product-type-simple"},"jetpack_sharing_enabled":true,"_links":{"self":[{"href":"https:\/\/celustore.online\/tienda\/wp-json\/wp\/v2\/product\/17912","targetHints":{"allow":["GET"]}}],"collection":[{"href":"https:\/\/celustore.online\/tienda\/wp-json\/wp\/v2\/product"}],"about":[{"href":"https:\/\/celustore.online\/tienda\/wp-json\/wp\/v2\/types\/product"}],"replies":[{"embeddable":true,"href":"https:\/\/celustore.online\/tienda\/wp-json\/wp\/v2\/comments?post=17912"}],"wp:featuredmedia":[{"embeddable":true,"href":"https:\/\/celustore.online\/tienda\/wp-json\/wp\/v2\/media\/17913"}],"wp:attachment":[{"href":"https:\/\/celustore.online\/tienda\/wp-json\/wp\/v2\/media?parent=17912"}],"wp:term":[{"taxonomy":"product_brand","embeddable":true,"href":"https:\/\/celustore.online\/tienda\/wp-json\/wp\/v2\/product_brand?post=17912"},{"taxonomy":"product_cat","embeddable":true,"href":"https:\/\/celustore.online\/tienda\/wp-json\/wp\/v2\/product_cat?post=17912"},{"taxonomy":"product_tag","embeddable":true,"href":"https:\/\/celustore.online\/tienda\/wp-json\/wp\/v2\/product_tag?post=17912"}],"curies":[{"name":"wp","href":"https:\/\/api.w.org\/{rel}","templated":true}]}}