{"id":17086,"date":"2023-02-17T13:27:29","date_gmt":"2023-02-17T13:27:29","guid":{"rendered":"https:\/\/celustore.online\/tienda\/?post_type=product&#038;p=17086"},"modified":"2026-04-01T15:43:04","modified_gmt":"2026-04-01T15:43:04","slug":"baston-selfie-aitech-disparador-bluetooth","status":"publish","type":"product","link":"https:\/\/celustore.online\/tienda\/producto\/baston-selfie-aitech-disparador-bluetooth\/","title":{"rendered":"BASTON SELFIE AITECH-DISPARADOR BLUETOOTH"},"content":{"rendered":"","protected":false},"excerpt":{"rendered":"<h4 class=\"ui-pdp-description__title\">Descripci\u00f3n<\/h4>\n<p class=\"ui-pdp-description__content\">Tripode Baston Palo Selfie Aitech con Disparador Bluetooth P50<\/p>\n<p>Este selfie stick\/tr\u00edpode posee un dise\u00f1o simple y hermoso. Cuenta con un estructura innovadora que permite que el grip se abre transform\u00e1ndolo de selfie stick a tr\u00edpode. Adem\u00e1s trae incorporado un control remoto bluetooth.<\/p>\n<h3 class=\"ui-pdp-specs__subtitle\">Otras caracter\u00edsticas<\/h3>\n<div class=\"ui-pdp-list ui-pdp-specs__list\">\n<ul class=\"ui-pdp-list__wrapper\">\n<li class=\"ui-pdp-list__item\">\n<p class=\"ui-pdp-family--REGULAR ui-pdp-list__text\"><span class=\"ui-pdp-color--BLACK ui-pdp-size--XSMALL ui-pdp-family--BOLD\">Conectividad<\/span>: Bluetooth<\/p>\n<\/li>\n<li class=\"ui-pdp-list__item\">\n<p class=\"ui-pdp-family--REGULAR ui-pdp-list__text\"><span class=\"ui-pdp-color--BLACK ui-pdp-size--XSMALL ui-pdp-family--BOLD\">Tipo<\/span>: Para celular<\/p>\n<\/li>\n<\/ul>\n<ul class=\"ui-pdp-list__wrapper\">\n<li class=\"ui-pdp-list__item\">\n<p class=\"ui-pdp-family--REGULAR ui-pdp-list__text\"><span class=\"ui-pdp-color--BLACK ui-pdp-size--XSMALL ui-pdp-family--BOLD\">Altura m\u00ednima<\/span>: 18 cm<\/p>\n<\/li>\n<li class=\"ui-pdp-list__item\">\n<p class=\"ui-pdp-family--REGULAR ui-pdp-list__text\"><span class=\"ui-pdp-color--BLACK ui-pdp-size--XSMALL ui-pdp-family--BOLD\">Altura m\u00e1xima<\/span>: 68 cm<\/p>\n<\/li>\n<\/ul>\n<\/div>\n","protected":false},"featured_media":17087,"comment_status":"open","ping_status":"closed","template":"","meta":{"_joinchat":[]},"product_brand":[],"product_cat":[531],"product_tag":[],"class_list":{"0":"post-17086","1":"product","2":"type-product","3":"status-publish","4":"has-post-thumbnail","6":"product_cat-accesorios-para-celular","8":"first","9":"instock","10":"shipping-taxable","11":"purchasable","12":"product-type-simple"},"jetpack_sharing_enabled":true,"_links":{"self":[{"href":"https:\/\/celustore.online\/tienda\/wp-json\/wp\/v2\/product\/17086","targetHints":{"allow":["GET"]}}],"collection":[{"href":"https:\/\/celustore.online\/tienda\/wp-json\/wp\/v2\/product"}],"about":[{"href":"https:\/\/celustore.online\/tienda\/wp-json\/wp\/v2\/types\/product"}],"replies":[{"embeddable":true,"href":"https:\/\/celustore.online\/tienda\/wp-json\/wp\/v2\/comments?post=17086"}],"wp:featuredmedia":[{"embeddable":true,"href":"https:\/\/celustore.online\/tienda\/wp-json\/wp\/v2\/media\/17087"}],"wp:attachment":[{"href":"https:\/\/celustore.online\/tienda\/wp-json\/wp\/v2\/media?parent=17086"}],"wp:term":[{"taxonomy":"product_brand","embeddable":true,"href":"https:\/\/celustore.online\/tienda\/wp-json\/wp\/v2\/product_brand?post=17086"},{"taxonomy":"product_cat","embeddable":true,"href":"https:\/\/celustore.online\/tienda\/wp-json\/wp\/v2\/product_cat?post=17086"},{"taxonomy":"product_tag","embeddable":true,"href":"https:\/\/celustore.online\/tienda\/wp-json\/wp\/v2\/product_tag?post=17086"}],"curies":[{"name":"wp","href":"https:\/\/api.w.org\/{rel}","templated":true}]}}