{"id":16894,"date":"2022-11-28T14:35:24","date_gmt":"2022-11-28T14:35:24","guid":{"rendered":"https:\/\/celustore.online\/tienda\/?post_type=product&#038;p=16894"},"modified":"2025-02-27T20:20:56","modified_gmt":"2025-02-27T20:20:56","slug":"tv-led-smart-43-hd-androidtv-skyworth","status":"publish","type":"product","link":"https:\/\/celustore.online\/tienda\/producto\/tv-led-smart-43-hd-androidtv-skyworth\/","title":{"rendered":"TV LED SMART 43&#8243; HD AndroidTV Skyworth"},"content":{"rendered":"","protected":false},"excerpt":{"rendered":"<p>Informacion del producto Resoluci\u00f3n: Full HD Es smart: S\u00ed Tipo de pantalla: LED Caracter\u00edsticas generales Marca: Skyworth L\u00ednea: ANDROID TV .Color: Negro Conectividad Con USB: S\u00ed Con HDMI: S\u00ed Pantalla Tipo de pantalla: LED Tama\u00f1o de la pantalla: 43 \u00bb Tipo de resoluci\u00f3n: Full HD Especificaciones Es smart: S\u00ed Es 3D: No Es curvo: No Es port\u00e1til: No Especificaciones T\u00e9cnicas * Marca: Skyworth * Pantalla: 43&#8243; * Resoluci\u00f3n: 1920 x 1080 px * Relaci\u00f3n de contraste: 1200:1 * Tiempo de respuesta: 9 Ms * Escala de pantalla: 16:9 * Angulo de Visi\u00f3n: H: 178\u00ba, V: 178\u00ba * Tecnolog\u00eda de Audio: Dolby 6W+6W * Conectividad: Wifi \/ Bluetooth \/ HDMI 1.4 x2 \/ USB 2.0 x2 * Sistema Operativo: Android Tv * Apps: Netflix, Youtube, Prime Video y Google Play<\/p>\n","protected":false},"featured_media":16895,"comment_status":"open","ping_status":"closed","template":"","meta":{"_joinchat":[]},"product_brand":[],"product_cat":[532],"product_tag":[],"class_list":{"0":"post-16894","1":"product","2":"type-product","3":"status-publish","4":"has-post-thumbnail","6":"product_cat-televisores","8":"first","9":"outofstock","10":"shipping-taxable","11":"purchasable","12":"product-type-simple"},"jetpack_sharing_enabled":true,"_links":{"self":[{"href":"https:\/\/celustore.online\/tienda\/wp-json\/wp\/v2\/product\/16894","targetHints":{"allow":["GET"]}}],"collection":[{"href":"https:\/\/celustore.online\/tienda\/wp-json\/wp\/v2\/product"}],"about":[{"href":"https:\/\/celustore.online\/tienda\/wp-json\/wp\/v2\/types\/product"}],"replies":[{"embeddable":true,"href":"https:\/\/celustore.online\/tienda\/wp-json\/wp\/v2\/comments?post=16894"}],"wp:featuredmedia":[{"embeddable":true,"href":"https:\/\/celustore.online\/tienda\/wp-json\/wp\/v2\/media\/16895"}],"wp:attachment":[{"href":"https:\/\/celustore.online\/tienda\/wp-json\/wp\/v2\/media?parent=16894"}],"wp:term":[{"taxonomy":"product_brand","embeddable":true,"href":"https:\/\/celustore.online\/tienda\/wp-json\/wp\/v2\/product_brand?post=16894"},{"taxonomy":"product_cat","embeddable":true,"href":"https:\/\/celustore.online\/tienda\/wp-json\/wp\/v2\/product_cat?post=16894"},{"taxonomy":"product_tag","embeddable":true,"href":"https:\/\/celustore.online\/tienda\/wp-json\/wp\/v2\/product_tag?post=16894"}],"curies":[{"name":"wp","href":"https:\/\/api.w.org\/{rel}","templated":true}]}}