{"id":16756,"date":"2022-09-21T13:55:23","date_gmt":"2022-09-21T13:55:23","guid":{"rendered":"https:\/\/celustore.online\/tienda\/?post_type=product&#038;p=16756"},"modified":"2024-09-12T20:34:38","modified_gmt":"2024-09-12T20:34:38","slug":"parlante-klipxtreme-titan-pro-20hs-sumergible","status":"publish","type":"product","link":"https:\/\/celustore.online\/tienda\/producto\/parlante-klipxtreme-titan-pro-20hs-sumergible\/","title":{"rendered":"PARLANTE KLIPXTREME TITAN PRO  20hs sumergible"},"content":{"rendered":"","protected":false},"excerpt":{"rendered":"<h4>CARACTER\u00cdSTICAS<\/h4>\n<ul>\n<li>Parlante port\u00e1til adecuado para actividades en interiores o exteriores<\/li>\n<li>Difunde sonido sorprendente al mundo con 16 watts de potencia m\u00e1xima de salida<\/li>\n<li>Incluye tecnolog\u00eda TWS, dise\u00f1ada para transmitir audio inal\u00e1mbricamente a trav\u00e9s de dos unidades de forma simult\u00e1nea desde la misma fuente de audio<sup>4<\/sup><\/li>\n<li>Cuenta con la tecnolog\u00eda\u00a0<em>Bluetooth\u00ae<\/em>\u00a0V5.0 dise\u00f1ada para ofrecer una se\u00f1al m\u00e1s fuerte a mayores distancias inal\u00e1mbricas<sup>3<\/sup><\/li>\n<li>Escucha tus canciones preferidas hasta 20 horas con una sola carga para disfrutar per\u00edodos de ocio al aire libre<sup>1<\/sup><\/li>\n<li>Clasificaci\u00f3n IPX7 de protecci\u00f3n contra lluvia, derrames o penetraci\u00f3n de agua hasta una profundidad de 1 metro por 30 minutos<sup>2<\/sup><\/li>\n<li>Dos radiadores pasivos de 50mm brindan mejores graves para disfrutar una experiencia musical agradable<\/li>\n<li>Incluye un puerto de 3,5mm para conectar el parlante directamente a un cable auxiliar para ahorrar bater\u00eda<\/li>\n<li>Dise\u00f1o robusto para soportar condiciones ambientales<\/li>\n<li>Conversaciones con funcionalidad de manos libres para contestar o hacer llamadas desde el parlante incluso cuando est\u00e1s ocupado afuera<\/li>\n<\/ul>\n","protected":false},"featured_media":16758,"comment_status":"open","ping_status":"closed","template":"","meta":{"_joinchat":[]},"product_brand":[],"product_cat":[482],"product_tag":[],"class_list":{"0":"post-16756","1":"product","2":"type-product","3":"status-publish","4":"has-post-thumbnail","6":"product_cat-parlantes","8":"first","9":"instock","10":"shipping-taxable","11":"purchasable","12":"product-type-simple"},"jetpack_sharing_enabled":true,"_links":{"self":[{"href":"https:\/\/celustore.online\/tienda\/wp-json\/wp\/v2\/product\/16756","targetHints":{"allow":["GET"]}}],"collection":[{"href":"https:\/\/celustore.online\/tienda\/wp-json\/wp\/v2\/product"}],"about":[{"href":"https:\/\/celustore.online\/tienda\/wp-json\/wp\/v2\/types\/product"}],"replies":[{"embeddable":true,"href":"https:\/\/celustore.online\/tienda\/wp-json\/wp\/v2\/comments?post=16756"}],"wp:featuredmedia":[{"embeddable":true,"href":"https:\/\/celustore.online\/tienda\/wp-json\/wp\/v2\/media\/16758"}],"wp:attachment":[{"href":"https:\/\/celustore.online\/tienda\/wp-json\/wp\/v2\/media?parent=16756"}],"wp:term":[{"taxonomy":"product_brand","embeddable":true,"href":"https:\/\/celustore.online\/tienda\/wp-json\/wp\/v2\/product_brand?post=16756"},{"taxonomy":"product_cat","embeddable":true,"href":"https:\/\/celustore.online\/tienda\/wp-json\/wp\/v2\/product_cat?post=16756"},{"taxonomy":"product_tag","embeddable":true,"href":"https:\/\/celustore.online\/tienda\/wp-json\/wp\/v2\/product_tag?post=16756"}],"curies":[{"name":"wp","href":"https:\/\/api.w.org\/{rel}","templated":true}]}}