{"id":16727,"date":"2022-09-19T13:48:15","date_gmt":"2022-09-19T13:48:15","guid":{"rendered":"https:\/\/celustore.online\/tienda\/?post_type=product&#038;p=16727"},"modified":"2024-10-16T13:44:32","modified_gmt":"2024-10-16T13:44:32","slug":"auricular-klip-xtreme-twin-touch","status":"publish","type":"product","link":"https:\/\/celustore.online\/tienda\/producto\/auricular-klip-xtreme-twin-touch\/","title":{"rendered":"AURICULAR KLIP-XTREME TWIN TOUCH"},"content":{"rendered":"","protected":false},"excerpt":{"rendered":"<h4>CARACTER\u00cdSTICAS<\/h4>\n<ul>\n<li>Aud\u00edfonos True Wireless Stereo y\u00a0<em>Bluetooth\u00ae<\/em>\u00a0v5.0 para transmisi\u00f3n r\u00e1pida y estable<sup>1<\/sup><\/li>\n<li>Sonido de alta calidad con agudos n\u00edtidos<\/li>\n<li>Estuche de carga delgado y compacto para cargarlo y transportarlo a cualquier lugar con m\u00e1xima comodidad<\/li>\n<li>17 horas de tiempo total de reproducci\u00f3n con 3,5 horas por ciclo hasta 5 ciclos<sup>3<\/sup><\/li>\n<li>Dise\u00f1o de bot\u00f3n t\u00e1ctil para reproducir, pausar, saltar pistas y contestar o colgar llamadas con un simple toque<\/li>\n<li>Conexi\u00f3n autom\u00e1tica, los aud\u00edfonos se emparejan autom\u00e1ticamente cuando el estuche est\u00e1 abierto<\/li>\n<li>El estuche de carga incluye un indicador LED para mostrar el estatus de la bater\u00eda<\/li>\n<li>Clasificaci\u00f3n IPX4 resistente a la lluvia, salpicaduras y sudor<\/li>\n<li>Micr\u00f3fono HD con tecnolog\u00eda de reducci\u00f3n de ruido para conversaciones con manos libres<\/li>\n<li>Compatible con los asistentes de voz de Google y Siri; soporta la funcionalidad de reconocimiento de voz para un verdadero control de manos libres y acceso a tus dispositivos vinculados con el toque de un bot\u00f3n.<\/li>\n<\/ul>\n","protected":false},"featured_media":16729,"comment_status":"open","ping_status":"closed","template":"","meta":{"_joinchat":[]},"product_brand":[],"product_cat":[481],"product_tag":[],"class_list":{"0":"post-16727","1":"product","2":"type-product","3":"status-publish","4":"has-post-thumbnail","6":"product_cat-auriculares-bluethoot","8":"first","9":"instock","10":"shipping-taxable","11":"purchasable","12":"product-type-simple"},"jetpack_sharing_enabled":true,"_links":{"self":[{"href":"https:\/\/celustore.online\/tienda\/wp-json\/wp\/v2\/product\/16727","targetHints":{"allow":["GET"]}}],"collection":[{"href":"https:\/\/celustore.online\/tienda\/wp-json\/wp\/v2\/product"}],"about":[{"href":"https:\/\/celustore.online\/tienda\/wp-json\/wp\/v2\/types\/product"}],"replies":[{"embeddable":true,"href":"https:\/\/celustore.online\/tienda\/wp-json\/wp\/v2\/comments?post=16727"}],"wp:featuredmedia":[{"embeddable":true,"href":"https:\/\/celustore.online\/tienda\/wp-json\/wp\/v2\/media\/16729"}],"wp:attachment":[{"href":"https:\/\/celustore.online\/tienda\/wp-json\/wp\/v2\/media?parent=16727"}],"wp:term":[{"taxonomy":"product_brand","embeddable":true,"href":"https:\/\/celustore.online\/tienda\/wp-json\/wp\/v2\/product_brand?post=16727"},{"taxonomy":"product_cat","embeddable":true,"href":"https:\/\/celustore.online\/tienda\/wp-json\/wp\/v2\/product_cat?post=16727"},{"taxonomy":"product_tag","embeddable":true,"href":"https:\/\/celustore.online\/tienda\/wp-json\/wp\/v2\/product_tag?post=16727"}],"curies":[{"name":"wp","href":"https:\/\/api.w.org\/{rel}","templated":true}]}}