{"id":16628,"date":"2022-08-16T22:00:00","date_gmt":"2022-08-16T22:00:00","guid":{"rendered":"https:\/\/celustore.online\/tienda\/?post_type=product&#038;p=16628"},"modified":"2024-09-12T21:31:23","modified_gmt":"2024-09-12T21:31:23","slug":"parlante-stromberg-clash-portatil-con-bluetooth-12","status":"publish","type":"product","link":"https:\/\/celustore.online\/tienda\/producto\/parlante-stromberg-clash-portatil-con-bluetooth-12\/","title":{"rendered":"PARLANTE STROMBERG CLASH"},"content":{"rendered":"<p>Con este Parlante Port\u00e1til Grande Stromberg de audio Activo, te olvid\u00e1s del amplificador y de la potencia. Puedes conectarlo a la fuente de sonido que necesites y disfrut\u00e1 de audio de calidad en cualquier ocasi\u00f3n. Forma parte de la l\u00ednea de productos Stromberg\u00a0<a href=\"https:\/\/stromberg.com.ar\/categoria-producto\/parlantes\/parlantes-grandes\/\">parlantes port\u00e1tiles grandes.<\/a><\/p>\n<p>Este dispositivo permite un tipo de conexi\u00f3n novedosa conocida como Bluetooth TWS para crear un efecto est\u00e9reo y armar la fiesta en donde se te ocurra, de manera muy sencilla e inal\u00e1mbrica. \u00a1Pod\u00e9s conectarlo mediante TWS con el Stromberg Riot 2 o con otro del mismo modelo!<\/p>\n<p>Gracias a esta versi\u00f3n de bluetooth, podr\u00e1s disfrutar de una conexi\u00f3n sin interrupciones ni problemas de rendimiento. El modelo Clash cuenta con un parlante de 12 pulgadas de di\u00e1metro y un tweeter con 3 pulgadas de di\u00e1metro. En conjunto, ofrecen una potencia de 60w RMS reales. Para poder utilizarlo donde quieras, viene equipado con una bater\u00eda interna de 3000mAh que le permite ofrecer horas de m\u00fasica y diversi\u00f3n. Tiene, adem\u00e1s, control de bajos y agudos, control remoto, entrada auxiliar, entrada para micr\u00f3fono, ecualizador digital, display y cable cargador y adaptador.<\/p>\n","protected":false},"excerpt":{"rendered":"<h3>CARACTER\u00cdSTICAS:<\/h3>\n<ul>\n<li>60w RMS potencia real<\/li>\n<li>Bater\u00eda interna 3000 mAh<\/li>\n<li>Control de bajos y agudos<\/li>\n<li>Control remoto<\/li>\n<li>Di\u00e1metro parlante 1\u00d712\u2033<\/li>\n<li>Di\u00e1metro tweeter 1\u00d73\u2033<\/li>\n<li>Entrada auxiliar<\/li>\n<li>Entrada para micr\u00f3fono<\/li>\n<li>Control de volumen de micr\u00f3fono independiente<\/li>\n<li>Ecualizador digital<\/li>\n<li>Display<\/li>\n<li>Incluye cargador y adaptador<\/li>\n<\/ul>\n<h3>MEDIDAS:<\/h3>\n<p>Alto: 50 cm<\/p>\n<p>Profundidad: 32 cm<\/p>\n<p>Ancho: 35 cm<\/p>\n","protected":false},"featured_media":16630,"comment_status":"open","ping_status":"closed","template":"","meta":{"_joinchat":[]},"product_brand":[],"product_cat":[482],"product_tag":[],"class_list":{"0":"post-16628","1":"product","2":"type-product","3":"status-publish","4":"has-post-thumbnail","6":"product_cat-parlantes","8":"first","9":"instock","10":"shipping-taxable","11":"purchasable","12":"product-type-simple"},"jetpack_sharing_enabled":true,"_links":{"self":[{"href":"https:\/\/celustore.online\/tienda\/wp-json\/wp\/v2\/product\/16628","targetHints":{"allow":["GET"]}}],"collection":[{"href":"https:\/\/celustore.online\/tienda\/wp-json\/wp\/v2\/product"}],"about":[{"href":"https:\/\/celustore.online\/tienda\/wp-json\/wp\/v2\/types\/product"}],"replies":[{"embeddable":true,"href":"https:\/\/celustore.online\/tienda\/wp-json\/wp\/v2\/comments?post=16628"}],"wp:featuredmedia":[{"embeddable":true,"href":"https:\/\/celustore.online\/tienda\/wp-json\/wp\/v2\/media\/16630"}],"wp:attachment":[{"href":"https:\/\/celustore.online\/tienda\/wp-json\/wp\/v2\/media?parent=16628"}],"wp:term":[{"taxonomy":"product_brand","embeddable":true,"href":"https:\/\/celustore.online\/tienda\/wp-json\/wp\/v2\/product_brand?post=16628"},{"taxonomy":"product_cat","embeddable":true,"href":"https:\/\/celustore.online\/tienda\/wp-json\/wp\/v2\/product_cat?post=16628"},{"taxonomy":"product_tag","embeddable":true,"href":"https:\/\/celustore.online\/tienda\/wp-json\/wp\/v2\/product_tag?post=16628"}],"curies":[{"name":"wp","href":"https:\/\/api.w.org\/{rel}","templated":true}]}}