{"id":16623,"date":"2022-08-16T21:43:21","date_gmt":"2022-08-16T21:43:21","guid":{"rendered":"https:\/\/celustore.online\/tienda\/?post_type=product&#038;p=16623"},"modified":"2024-09-12T21:32:04","modified_gmt":"2024-09-12T21:32:04","slug":"parlante-stromberg-heat","status":"publish","type":"product","link":"https:\/\/celustore.online\/tienda\/producto\/parlante-stromberg-heat\/","title":{"rendered":"PARLANTE STROMBERG HEAT"},"content":{"rendered":"<p>Una fiesta a puro color. Este Parlante Port\u00e1til Mediano permite elegir entre distintos juegos de luces LED RGB para ofrecer un espect\u00e1culo sonoro y visual incre\u00edble. Forma parte de la l\u00ednea de productos Stromberg\u00a0<a href=\"https:\/\/stromberg.com.ar\/categoria-producto\/parlantes\/portatiles-medianos\/\">parlantes port\u00e1tiles medianos.<\/a><\/p>\n<p>Cuenta con control de bajos y agudos, funci\u00f3n karaoke con efectos de voz para que escuches de la manera que m\u00e1s te gusta. Tiene entrada para micr\u00f3fono y micr\u00f3fono incluido, control de eco y entrada auxiliar.<\/p>\n<p>\u00bfUn altavoz no es suficiente? Como la mayor\u00eda de parlantes port\u00e1tiles de Stromberg cuenta con TWS Intermodelo para reproducir m\u00fasica en est\u00e9reo de forma muy sencilla y eficiente.<\/p>\n<p>El Parlante Port\u00e1til Mediano Heat tiene un parlante con un di\u00e1metro de 2\u00d76.5 pulgadas y una potencia real de 50w RMS. Su tama\u00f1o es de 54cm de alto, 25cm de profundidad y 25.5cm de ancho. Adem\u00e1s cuenta con equalizador anal\u00f3gico, una bater\u00eda interna de 2400mAh, cable cargador y adaptador.<\/p>\n","protected":false},"excerpt":{"rendered":"<h3>CARACTER\u00cdSTICAS:<\/h3>\n<ul>\n<li>50w RMS potencia real<\/li>\n<li>Di\u00e1metro parlante 2\u00d76,5\u2033<\/li>\n<li>Bater\u00eda interna (2400mah)<\/li>\n<li>Entrada auxiliar<\/li>\n<li>Entrada para micr\u00f3fono<\/li>\n<li>Control del eco del micr\u00f3fono<\/li>\n<li>Funci\u00f3n karaoke<\/li>\n<li>Ecualizador anal\u00f3gico<\/li>\n<li>TWS<\/li>\n<li>Luces LED<\/li>\n<li>Incluye micr\u00f3fono<\/li>\n<li>Incluye adaptador y cargador<\/li>\n<\/ul>\n<h3>MEDIDAS:<\/h3>\n<p>Alto: 57 cm<\/p>\n<p>Profundidad: 21 cm<\/p>\n<p>Ancho: 25,5 cm<\/p>\n","protected":false},"featured_media":16622,"comment_status":"open","ping_status":"closed","template":"","meta":{"_joinchat":[]},"product_brand":[],"product_cat":[482],"product_tag":[],"class_list":{"0":"post-16623","1":"product","2":"type-product","3":"status-publish","4":"has-post-thumbnail","6":"product_cat-parlantes","8":"first","9":"instock","10":"shipping-taxable","11":"purchasable","12":"product-type-simple"},"jetpack_sharing_enabled":true,"_links":{"self":[{"href":"https:\/\/celustore.online\/tienda\/wp-json\/wp\/v2\/product\/16623","targetHints":{"allow":["GET"]}}],"collection":[{"href":"https:\/\/celustore.online\/tienda\/wp-json\/wp\/v2\/product"}],"about":[{"href":"https:\/\/celustore.online\/tienda\/wp-json\/wp\/v2\/types\/product"}],"replies":[{"embeddable":true,"href":"https:\/\/celustore.online\/tienda\/wp-json\/wp\/v2\/comments?post=16623"}],"wp:featuredmedia":[{"embeddable":true,"href":"https:\/\/celustore.online\/tienda\/wp-json\/wp\/v2\/media\/16622"}],"wp:attachment":[{"href":"https:\/\/celustore.online\/tienda\/wp-json\/wp\/v2\/media?parent=16623"}],"wp:term":[{"taxonomy":"product_brand","embeddable":true,"href":"https:\/\/celustore.online\/tienda\/wp-json\/wp\/v2\/product_brand?post=16623"},{"taxonomy":"product_cat","embeddable":true,"href":"https:\/\/celustore.online\/tienda\/wp-json\/wp\/v2\/product_cat?post=16623"},{"taxonomy":"product_tag","embeddable":true,"href":"https:\/\/celustore.online\/tienda\/wp-json\/wp\/v2\/product_tag?post=16623"}],"curies":[{"name":"wp","href":"https:\/\/api.w.org\/{rel}","templated":true}]}}