{"id":16478,"date":"2022-07-19T13:32:34","date_gmt":"2022-07-19T13:32:34","guid":{"rendered":"https:\/\/celustore.online\/tienda\/?post_type=product&#038;p=16478"},"modified":"2024-05-02T00:32:04","modified_gmt":"2024-05-02T00:32:04","slug":"tira-de-led-rgb","status":"publish","type":"product","link":"https:\/\/celustore.online\/tienda\/producto\/tira-de-led-rgb\/","title":{"rendered":"Tira de LED RGB"},"content":{"rendered":"<p>Las tiras deLED para interior, est\u00e1n elaboradas con un material flexible que permite adaptarlas a cualquier superficie.Preparadas para ser alimentadas con una tensi\u00f3n de 12VDC.<\/p>\n<p>Adem\u00e1s, no generan calor ni da\u00f1an las superficies donde son aplicadas. Gozan de una larga vida \u00fatil con un costo muy bajo de mantenimiento.<\/p>\n","protected":false},"excerpt":{"rendered":"<p>Las tiras deLED para interior, est\u00e1n elaboradas con un material flexible que permite adaptarlas a cualquier superficie.Preparadas para ser alimentadas con una tensi\u00f3n de 12VDC&#8230;.<\/p>\n","protected":false},"featured_media":16482,"comment_status":"open","ping_status":"closed","template":"","meta":{"_joinchat":[]},"product_brand":[],"product_cat":[534],"product_tag":[],"class_list":{"0":"post-16478","1":"product","2":"type-product","3":"status-publish","4":"has-post-thumbnail","6":"product_cat-luces","8":"first","9":"instock","10":"shipping-taxable","11":"purchasable","12":"product-type-simple"},"jetpack_sharing_enabled":true,"_links":{"self":[{"href":"https:\/\/celustore.online\/tienda\/wp-json\/wp\/v2\/product\/16478","targetHints":{"allow":["GET"]}}],"collection":[{"href":"https:\/\/celustore.online\/tienda\/wp-json\/wp\/v2\/product"}],"about":[{"href":"https:\/\/celustore.online\/tienda\/wp-json\/wp\/v2\/types\/product"}],"replies":[{"embeddable":true,"href":"https:\/\/celustore.online\/tienda\/wp-json\/wp\/v2\/comments?post=16478"}],"wp:featuredmedia":[{"embeddable":true,"href":"https:\/\/celustore.online\/tienda\/wp-json\/wp\/v2\/media\/16482"}],"wp:attachment":[{"href":"https:\/\/celustore.online\/tienda\/wp-json\/wp\/v2\/media?parent=16478"}],"wp:term":[{"taxonomy":"product_brand","embeddable":true,"href":"https:\/\/celustore.online\/tienda\/wp-json\/wp\/v2\/product_brand?post=16478"},{"taxonomy":"product_cat","embeddable":true,"href":"https:\/\/celustore.online\/tienda\/wp-json\/wp\/v2\/product_cat?post=16478"},{"taxonomy":"product_tag","embeddable":true,"href":"https:\/\/celustore.online\/tienda\/wp-json\/wp\/v2\/product_tag?post=16478"}],"curies":[{"name":"wp","href":"https:\/\/api.w.org\/{rel}","templated":true}]}}