{"id":16435,"date":"2022-07-08T13:32:59","date_gmt":"2022-07-08T13:32:59","guid":{"rendered":"https:\/\/celustore.online\/tienda\/?post_type=product&#038;p=16435"},"modified":"2024-04-27T22:25:40","modified_gmt":"2024-04-27T22:25:40","slug":"stand-multi-cargador","status":"publish","type":"product","link":"https:\/\/celustore.online\/tienda\/producto\/stand-multi-cargador\/","title":{"rendered":"STAND MULTI-CARGADOR"},"content":{"rendered":"<h1 class=\"product-title-text\" data-spm-anchor-id=\"a2g0o.detail.1000016.i2.6544383aBDFj6D\">Cargador inal\u00e1mbrico Qi 4 en 1, estaci\u00f3n de carga para iphone, soporte USB, carga r\u00e1pida.<\/h1>\n<div id=\"gtx-trans\">\n<div class=\"gtx-trans-icon\"><\/div>\n<\/div>\n","protected":false},"excerpt":{"rendered":"<div class=\"detailmodule_text\">\n<p class=\"detail-desc-decorate-title\">-Base de carga inal\u00e1mbrica Qi de 10W 4 en 1 para Iphone USB C carga r\u00e1pida 3,0 soporte para cargador de reloj<\/p>\n<div class=\"detailmodule_text\">\n<p class=\"detail-desc-decorate-title\">Nota:<\/p>\n<p class=\"detail-desc-decorate-content\">(1) La funci\u00f3n de carga inal\u00e1mbrica solo es adecuada para tel\u00e9fonos m\u00f3viles, no es compatible con el reloj.<\/p>\n<p>(2) No incluye el cable de carga original del reloj.<\/p>\n<div>-El soporte de carga multifuncional con interfaces iPhone\/USB-C puede cargar para casi todos los dispositivos m\u00f3viles, como iPhone, iPad, Samsung, LG, para HTC, Huawei, Sony y el muelle de carga se pueden girar libremente en 360 grados.<\/div>\n<\/div>\n<\/div>\n<div class=\"detailmodule_text\">\n<p class=\"detail-desc-decorate-content\">-La estaci\u00f3n de carga utiliza la tecnolog\u00eda de control autom\u00e1tico m\u00e1s avanzada. Protecciones integradas contra sobrecarga, protecci\u00f3n contra sobrecorriente y sobretensi\u00f3n, control de temperatura, detecci\u00f3n de objetos extra\u00f1os. Protege la bater\u00eda de tu dispositivo contra da\u00f1os por sobrecarga.<br \/>\n-Material de silicona innovador, sin rayar su iphone\/iwatch\/bloquear la pantalla o el borde.<\/p>\n<\/div>\n<div class=\"detailmodule_text\">\n<p class=\"detail-desc-decorate-title\">Par\u00e1metro del producto:<\/p>\n<p class=\"detail-desc-decorate-content\">Colores: negro\/blanco<br \/>\nEntrada: DC5V-3A, 9v-a<br \/>\nSalida del cargador: DC 5V-1,5 A<br \/>\nSalida del cargador inal\u00e1mbrico: 10W\/7,5 W\/5W<br \/>\nLongitud del cable USB: 1,2 metros<br \/>\nTama\u00f1o del producto: 230x90x57,5mm<\/p>\n<\/div>\n<div class=\"detailmodule_text\">\n<p class=\"detail-desc-decorate-title\">\n<\/div>\n","protected":false},"featured_media":16436,"comment_status":"open","ping_status":"closed","template":"","meta":{"_joinchat":[]},"product_brand":[],"product_cat":[478],"product_tag":[],"class_list":{"0":"post-16435","1":"product","2":"type-product","3":"status-publish","4":"has-post-thumbnail","6":"product_cat-cargadores","8":"first","9":"instock","10":"featured","11":"shipping-taxable","12":"purchasable","13":"product-type-simple"},"jetpack_sharing_enabled":true,"_links":{"self":[{"href":"https:\/\/celustore.online\/tienda\/wp-json\/wp\/v2\/product\/16435","targetHints":{"allow":["GET"]}}],"collection":[{"href":"https:\/\/celustore.online\/tienda\/wp-json\/wp\/v2\/product"}],"about":[{"href":"https:\/\/celustore.online\/tienda\/wp-json\/wp\/v2\/types\/product"}],"replies":[{"embeddable":true,"href":"https:\/\/celustore.online\/tienda\/wp-json\/wp\/v2\/comments?post=16435"}],"wp:featuredmedia":[{"embeddable":true,"href":"https:\/\/celustore.online\/tienda\/wp-json\/wp\/v2\/media\/16436"}],"wp:attachment":[{"href":"https:\/\/celustore.online\/tienda\/wp-json\/wp\/v2\/media?parent=16435"}],"wp:term":[{"taxonomy":"product_brand","embeddable":true,"href":"https:\/\/celustore.online\/tienda\/wp-json\/wp\/v2\/product_brand?post=16435"},{"taxonomy":"product_cat","embeddable":true,"href":"https:\/\/celustore.online\/tienda\/wp-json\/wp\/v2\/product_cat?post=16435"},{"taxonomy":"product_tag","embeddable":true,"href":"https:\/\/celustore.online\/tienda\/wp-json\/wp\/v2\/product_tag?post=16435"}],"curies":[{"name":"wp","href":"https:\/\/api.w.org\/{rel}","templated":true}]}}