{"id":14232,"date":"2022-05-27T14:22:44","date_gmt":"2022-05-27T14:22:44","guid":{"rendered":"https:\/\/celustore.online\/tienda\/?post_type=product&#038;p=14232"},"modified":"2024-05-02T01:28:36","modified_gmt":"2024-05-02T01:28:36","slug":"t500-max-smartwatch-reloj-inteligente-de-la-serie-7","status":"publish","type":"product","link":"https:\/\/celustore.online\/tienda\/producto\/t500-max-smartwatch-reloj-inteligente-de-la-serie-7\/","title":{"rendered":"T500 + MAX smartwatch serie 7"},"content":{"rendered":"","protected":false},"excerpt":{"rendered":"<h2 class=\"ui-pdp-description__title\">Descripci\u00f3n<\/h2>\n<p>&#8211; color: varios.<br \/>\n&#8211; Bater\u00eda: Bater\u00eda de pol\u00edmero de litio de 3,7 V\/200mAh.<br \/>\n&#8211; Duraci\u00f3n bater\u00eda : 3- 5 d\u00edas de uso continuo.<br \/>\n&#8211; Estilo: 1,75 pulgadas t\u00e1ctil completa IPS 320*385.<br \/>\n&#8211; APP: Fitpro\/reloj inteligente 7.<br \/>\n&#8211; Sistemas compatibles: Reloj inteligente Android 5,0 y superior IOS9.0 y superior\/z36<br \/>\n&#8211; Caracter\u00edsticas: Frecuencia Card\u00edaca, presi\u00f3n arterial, monitorizaci\u00f3n del sue\u00f1o, reloj despertador, cron\u00f3metro, llamadas BT, m\u00fasica BT\/T500 + MAX ver 7.<\/p>\n<p>&#8211; Caracter\u00edsticas principales: Buscando tel\u00e9fono m\u00f3vil, registro de llamadas, Facebook, recordatorio sedentario, marcaci\u00f3n, linterna, descarga de aplicaciones c\u00f3digo QR, conteo de pasos, m\u00fasica BT, foto remota, cambio de estilo de men\u00fa, brillo, cambio de idioma, twitter, informaci\u00f3n, funcionamiento, monitoreo del sue\u00f1o, despertador, cron\u00f3metro, presi\u00f3n arterial, conducci\u00f3n, apagado, Monta\u00f1ismo, cuerda de saltar, ritmo card\u00edaco, gu\u00eda telef\u00f3nica, tiempo.<\/p>\n<p>&#8211; Idiomas: ingl\u00e9s, chino simplificado, italiano, portugu\u00e9s, polaco, espa\u00f1ol, franc\u00e9s.<\/p>\n<p>-incluye cargador.<\/p>\n<h2 class=\"ui-pdp-description__title\"><\/h2>\n","protected":false},"featured_media":14234,"comment_status":"open","ping_status":"closed","template":"","meta":{"_joinchat":[]},"product_brand":[],"product_cat":[530],"product_tag":[],"class_list":{"0":"post-14232","1":"product","2":"type-product","3":"status-publish","4":"has-post-thumbnail","6":"product_cat-reloj-inteligente","8":"first","9":"instock","10":"shipping-taxable","11":"purchasable","12":"product-type-simple"},"jetpack_sharing_enabled":true,"_links":{"self":[{"href":"https:\/\/celustore.online\/tienda\/wp-json\/wp\/v2\/product\/14232","targetHints":{"allow":["GET"]}}],"collection":[{"href":"https:\/\/celustore.online\/tienda\/wp-json\/wp\/v2\/product"}],"about":[{"href":"https:\/\/celustore.online\/tienda\/wp-json\/wp\/v2\/types\/product"}],"replies":[{"embeddable":true,"href":"https:\/\/celustore.online\/tienda\/wp-json\/wp\/v2\/comments?post=14232"}],"wp:featuredmedia":[{"embeddable":true,"href":"https:\/\/celustore.online\/tienda\/wp-json\/wp\/v2\/media\/14234"}],"wp:attachment":[{"href":"https:\/\/celustore.online\/tienda\/wp-json\/wp\/v2\/media?parent=14232"}],"wp:term":[{"taxonomy":"product_brand","embeddable":true,"href":"https:\/\/celustore.online\/tienda\/wp-json\/wp\/v2\/product_brand?post=14232"},{"taxonomy":"product_cat","embeddable":true,"href":"https:\/\/celustore.online\/tienda\/wp-json\/wp\/v2\/product_cat?post=14232"},{"taxonomy":"product_tag","embeddable":true,"href":"https:\/\/celustore.online\/tienda\/wp-json\/wp\/v2\/product_tag?post=14232"}],"curies":[{"name":"wp","href":"https:\/\/api.w.org\/{rel}","templated":true}]}}