{"id":14168,"date":"2022-05-23T15:31:07","date_gmt":"2022-05-23T15:31:07","guid":{"rendered":"https:\/\/celustore.online\/tienda\/?post_type=product&#038;p=14168"},"modified":"2026-04-11T14:23:24","modified_gmt":"2026-04-11T14:23:24","slug":"smart-band-m6","status":"publish","type":"product","link":"https:\/\/celustore.online\/tienda\/producto\/smart-band-m6\/","title":{"rendered":"Smart Band M6"},"content":{"rendered":"","protected":false},"excerpt":{"rendered":"<h1 class=\"a-size-base-plus a-text-bold\">Caracter\u00edstica<\/h1>\n<ul class=\"a-unordered-list a-vertical a-spacing-mini\">\n<li><span class=\"a-list-item\">\u2714 Monitor de actividades durante todo el d\u00eda: pasos, calor\u00edas quemadas, kilometraje y frecuencia card\u00edaca.<\/span><\/li>\n<li><span class=\"a-list-item\">\u2714 Recordatorio inteligente: recordatorio de llamadas, bot\u00f3n de SMS, recordatorio de sedentarismo.<\/span><\/li>\n<li><span class=\"a-list-item\">\u2714 M\u00e1s caracter\u00edsticas: b\u00fasqueda de tel\u00e9fono, disparo remoto de c\u00e1mara, parada de reloj.<\/span><\/li>\n<li><span class=\"a-list-item\">\u2714 Monitor continuo de frecuencia card\u00edaca: monitoreo continuo autom\u00e1tico de la frecuencia card\u00edaca en el pulso cada segundo. Pantalla TFT a color de 0,96 pulgadas: pantalla HD, f\u00e1cil de leer todos los datos de fitness.<\/span><\/li>\n<li><span class=\"a-list-item\">\u2714Bluetooth 4.0, compatible con Android 5.0 y sistemas superiores.<\/span><\/li>\n<\/ul>\n","protected":false},"featured_media":14170,"comment_status":"open","ping_status":"closed","template":"","meta":{"_joinchat":[]},"product_brand":[],"product_cat":[530],"product_tag":[],"class_list":{"0":"post-14168","1":"product","2":"type-product","3":"status-publish","4":"has-post-thumbnail","6":"product_cat-reloj-inteligente","8":"first","9":"instock","10":"featured","11":"shipping-taxable","12":"purchasable","13":"product-type-simple"},"jetpack_sharing_enabled":true,"_links":{"self":[{"href":"https:\/\/celustore.online\/tienda\/wp-json\/wp\/v2\/product\/14168","targetHints":{"allow":["GET"]}}],"collection":[{"href":"https:\/\/celustore.online\/tienda\/wp-json\/wp\/v2\/product"}],"about":[{"href":"https:\/\/celustore.online\/tienda\/wp-json\/wp\/v2\/types\/product"}],"replies":[{"embeddable":true,"href":"https:\/\/celustore.online\/tienda\/wp-json\/wp\/v2\/comments?post=14168"}],"wp:featuredmedia":[{"embeddable":true,"href":"https:\/\/celustore.online\/tienda\/wp-json\/wp\/v2\/media\/14170"}],"wp:attachment":[{"href":"https:\/\/celustore.online\/tienda\/wp-json\/wp\/v2\/media?parent=14168"}],"wp:term":[{"taxonomy":"product_brand","embeddable":true,"href":"https:\/\/celustore.online\/tienda\/wp-json\/wp\/v2\/product_brand?post=14168"},{"taxonomy":"product_cat","embeddable":true,"href":"https:\/\/celustore.online\/tienda\/wp-json\/wp\/v2\/product_cat?post=14168"},{"taxonomy":"product_tag","embeddable":true,"href":"https:\/\/celustore.online\/tienda\/wp-json\/wp\/v2\/product_tag?post=14168"}],"curies":[{"name":"wp","href":"https:\/\/api.w.org\/{rel}","templated":true}]}}