{"id":14134,"date":"2022-05-20T14:24:04","date_gmt":"2022-05-20T14:24:04","guid":{"rendered":"https:\/\/celustore.online\/tienda\/?post_type=product&#038;p=14134"},"modified":"2024-07-29T14:44:33","modified_gmt":"2024-07-29T14:44:33","slug":"parlante-portatil-noblex-party-4800w","status":"publish","type":"product","link":"https:\/\/celustore.online\/tienda\/producto\/parlante-portatil-noblex-party-4800w\/","title":{"rendered":"PARLANTE PORTATIL NOBLEX PARTY 4800W"},"content":{"rendered":"<p><img data-recalc-dims=\"1\" loading=\"lazy\" decoding=\"async\" class=\"alignnone size-medium wp-image-14135\" src=\"https:\/\/i0.wp.com\/celustore.online\/tienda\/wp-content\/uploads\/2022\/05\/94MNT390-3.gif?resize=300%2C300&#038;ssl=1\" alt=\"\" width=\"300\" height=\"300\" srcset=\"https:\/\/i0.wp.com\/celustore.online\/tienda\/wp-content\/uploads\/2022\/05\/94MNT390-3.gif?resize=300%2C300&amp;ssl=1 300w, https:\/\/i0.wp.com\/celustore.online\/tienda\/wp-content\/uploads\/2022\/05\/94MNT390-3.gif?resize=1024%2C1024&amp;ssl=1 1024w, https:\/\/i0.wp.com\/celustore.online\/tienda\/wp-content\/uploads\/2022\/05\/94MNT390-3.gif?resize=150%2C150&amp;ssl=1 150w, https:\/\/i0.wp.com\/celustore.online\/tienda\/wp-content\/uploads\/2022\/05\/94MNT390-3.gif?resize=768%2C768&amp;ssl=1 768w, https:\/\/i0.wp.com\/celustore.online\/tienda\/wp-content\/uploads\/2022\/05\/94MNT390-3.gif?resize=100%2C100&amp;ssl=1 100w, https:\/\/i0.wp.com\/celustore.online\/tienda\/wp-content\/uploads\/2022\/05\/94MNT390-3.gif?resize=140%2C140&amp;ssl=1 140w, https:\/\/i0.wp.com\/celustore.online\/tienda\/wp-content\/uploads\/2022\/05\/94MNT390-3.gif?resize=500%2C500&amp;ssl=1 500w, https:\/\/i0.wp.com\/celustore.online\/tienda\/wp-content\/uploads\/2022\/05\/94MNT390-3.gif?resize=350%2C350&amp;ssl=1 350w, https:\/\/i0.wp.com\/celustore.online\/tienda\/wp-content\/uploads\/2022\/05\/94MNT390-3.gif?resize=1000%2C1000&amp;ssl=1 1000w, https:\/\/i0.wp.com\/celustore.online\/tienda\/wp-content\/uploads\/2022\/05\/94MNT390-3.gif?resize=800%2C800&amp;ssl=1 800w, https:\/\/i0.wp.com\/celustore.online\/tienda\/wp-content\/uploads\/2022\/05\/94MNT390-3.gif?resize=600%2C600&amp;ssl=1 600w\" sizes=\"auto, (max-width: 300px) 100vw, 300px\" \/><\/p>\n","protected":false},"excerpt":{"rendered":"<h2 class=\"ui-pdp-description__title\">Descripci\u00f3n<\/h2>\n<h6 class=\"ui-pdp-description__title\">CARACTER\u00cdSTICAS<\/p>\n<p>\u2022 Potencia total: 4800 W<br \/>\n\u2022 Bater\u00eda recargable de 9hs de duraci\u00f3n (a volumen medio y luces encendidas)<br \/>\n\u2022 Conexi\u00f3n Bluetooth Avanzada EDR<br \/>\n\u2022 TWS: True Wireless Stereo (Se puede conectar simultaneamente dos unidades logrando est\u00e9reo real y mayor potencia)<br \/>\n\u2022 Dos puertos USB, uno para reproducci\u00f3n y otro para carga de dispositivos<br \/>\n\u2022 Sintonizador de Radio FM<br \/>\n\u2022 2 Entradas de Micr\u00f3fono para Karaoke \/ Guitarra<br \/>\n\u2022 Entrada Auxiliar 3.5mm<br \/>\n\u2022 Ecualizaci\u00f3n Ajustable y bot\u00f3n S\u00faper Bass para graves m\u00e1s profundos<br \/>\n\u2022 LED Flashing Lights: Efectos de Iluminaci\u00f3n de 7 colores<br \/>\n\u2022 Doble Wooferde 6.5\u201d + 2 Tweeter<br \/>\n\u2022 Display Negative LCD<\/p>\n<p>MEDIDAS<\/p>\n<p>Dimensiones: 62cm alto x 25cm ancho x 26cm profundidad<\/h6>\n","protected":false},"featured_media":14135,"comment_status":"open","ping_status":"closed","template":"","meta":{"_joinchat":[]},"product_brand":[],"product_cat":[482],"product_tag":[],"class_list":{"0":"post-14134","1":"product","2":"type-product","3":"status-publish","4":"has-post-thumbnail","6":"product_cat-parlantes","8":"first","9":"instock","10":"virtual","11":"purchasable","12":"product-type-simple"},"jetpack_sharing_enabled":true,"_links":{"self":[{"href":"https:\/\/celustore.online\/tienda\/wp-json\/wp\/v2\/product\/14134","targetHints":{"allow":["GET"]}}],"collection":[{"href":"https:\/\/celustore.online\/tienda\/wp-json\/wp\/v2\/product"}],"about":[{"href":"https:\/\/celustore.online\/tienda\/wp-json\/wp\/v2\/types\/product"}],"replies":[{"embeddable":true,"href":"https:\/\/celustore.online\/tienda\/wp-json\/wp\/v2\/comments?post=14134"}],"wp:featuredmedia":[{"embeddable":true,"href":"https:\/\/celustore.online\/tienda\/wp-json\/wp\/v2\/media\/14135"}],"wp:attachment":[{"href":"https:\/\/celustore.online\/tienda\/wp-json\/wp\/v2\/media?parent=14134"}],"wp:term":[{"taxonomy":"product_brand","embeddable":true,"href":"https:\/\/celustore.online\/tienda\/wp-json\/wp\/v2\/product_brand?post=14134"},{"taxonomy":"product_cat","embeddable":true,"href":"https:\/\/celustore.online\/tienda\/wp-json\/wp\/v2\/product_cat?post=14134"},{"taxonomy":"product_tag","embeddable":true,"href":"https:\/\/celustore.online\/tienda\/wp-json\/wp\/v2\/product_tag?post=14134"}],"curies":[{"name":"wp","href":"https:\/\/api.w.org\/{rel}","templated":true}]}}