{"id":9495,"date":"2020-05-06T02:35:53","date_gmt":"2020-05-06T02:35:53","guid":{"rendered":"https:\/\/celustore.online\/tienda\/?page_id=9495"},"modified":"2020-05-08T03:29:10","modified_gmt":"2020-05-08T03:29:10","slug":"sobre-nosotros","status":"publish","type":"page","link":"https:\/\/celustore.online\/tienda\/sobre-nosotros\/","title":{"rendered":"Sobre nosotros"},"content":{"rendered":"<p><strong>Celu Store<\/strong><\/p>\n\n\n<figure class=\"wp-block-embed-instagram wp-block-embed is-type-rich is-provider-instagram\"><div class=\"wp-block-embed__wrapper\">\nhttps:\/\/www.instagram.com\/tv\/B3DH8spAIYh\/?igshid=fg8t63wxbmfw\n<\/div><\/figure>\n\n\n\n<p>Somos una empresa nacida en el 2012 con 5 Sucursales en el valle de Uco Mendoza, fuimos los primeros en implementar local exclusivo de accesorios y fundas con dise\u00f1os, desde entonces tratamos de mantener nuestro est\u00e1ndar exclusivo para nuestra prestigiada clientela! Celu Store una marca con derechos registrados . Nuestro principal objetivo es brindar la mayor variedad y novedad en accesorios de moda para tu celu o Dispositivos! Contamos con la \u00faltima tecnolog\u00eda para hacer tu funda personalizada, Contamos con la \u00fanica m\u00e1quina de fabricar Hidroglass que saca tu vidrio templado en segundos y en el momento tra\u00edda exclusiva de China. Ventas por mayor y env\u00edos a todo el pa\u00eds.<\/p>\n\n\n\n<p><\/p>\n","protected":false},"excerpt":{"rendered":"<p>Celu Store Somos una empresa nacida en el 2012 con 5 Sucursales en el valle de Uco Mendoza, fuimos los primeros en implementar local exclusivo&#8230;<\/p>\n","protected":false},"author":1,"featured_media":0,"parent":0,"menu_order":0,"comment_status":"closed","ping_status":"closed","template":"","meta":{"_joinchat":[],"footnotes":""},"class_list":["post-9495","page","type-page","status-publish"],"jetpack_sharing_enabled":true,"_links":{"self":[{"href":"https:\/\/celustore.online\/tienda\/wp-json\/wp\/v2\/pages\/9495","targetHints":{"allow":["GET"]}}],"collection":[{"href":"https:\/\/celustore.online\/tienda\/wp-json\/wp\/v2\/pages"}],"about":[{"href":"https:\/\/celustore.online\/tienda\/wp-json\/wp\/v2\/types\/page"}],"author":[{"embeddable":true,"href":"https:\/\/celustore.online\/tienda\/wp-json\/wp\/v2\/users\/1"}],"replies":[{"embeddable":true,"href":"https:\/\/celustore.online\/tienda\/wp-json\/wp\/v2\/comments?post=9495"}],"version-history":[{"count":6,"href":"https:\/\/celustore.online\/tienda\/wp-json\/wp\/v2\/pages\/9495\/revisions"}],"predecessor-version":[{"id":9549,"href":"https:\/\/celustore.online\/tienda\/wp-json\/wp\/v2\/pages\/9495\/revisions\/9549"}],"wp:attachment":[{"href":"https:\/\/celustore.online\/tienda\/wp-json\/wp\/v2\/media?parent=9495"}],"curies":[{"name":"wp","href":"https:\/\/api.w.org\/{rel}","templated":true}]}}